{"id":8250,"date":"2023-06-23T09:48:35","date_gmt":"2023-06-23T09:48:35","guid":{"rendered":"https:\/\/liversium.com\/?page_id=8250"},"modified":"2023-09-28T23:36:21","modified_gmt":"2023-09-28T23:36:21","slug":"amenities","status":"publish","type":"page","link":"https:\/\/liversium.com\/index.php\/amenities\/","title":{"rendered":"Amenities"},"content":{"rendered":"\t\t<div data-elementor-type=\"wp-post\" data-elementor-id=\"8250\" class=\"elementor elementor-8250\" data-elementor-post-type=\"page\">\n\t\t\t\t\t\t<section class=\"elementor-section elementor-top-section elementor-element elementor-element-5f4aa7bd elementor-section-height-min-height elementor-section-content-middle elementor-section-boxed elementor-section-height-default elementor-section-items-middle\" data-id=\"5f4aa7bd\" data-element_type=\"section\" data-settings=\"{&quot;background_background&quot;:&quot;slideshow&quot;,&quot;background_slideshow_gallery&quot;:[{&quot;id&quot;:7935,&quot;url&quot;:&quot;https:\\\/\\\/liversium.com\\\/wp-content\\\/uploads\\\/2023\\\/06\\\/liversium-promotora-inmobiliaria-14.jpg&quot;},{&quot;id&quot;:7924,&quot;url&quot;:&quot;https:\\\/\\\/liversium.com\\\/wp-content\\\/uploads\\\/2023\\\/06\\\/liversium-promotora-inmobiliaria-3.jpg&quot;},{&quot;id&quot;:7932,&quot;url&quot;:&quot;https:\\\/\\\/liversium.com\\\/wp-content\\\/uploads\\\/2023\\\/06\\\/liversium-promotora-inmobiliaria-11.jpg&quot;},{&quot;id&quot;:7922,&quot;url&quot;:&quot;https:\\\/\\\/liversium.com\\\/wp-content\\\/uploads\\\/2023\\\/06\\\/liversium-promotora-inmobiliaria-1.jpg&quot;},{&quot;id&quot;:7930,&quot;url&quot;:&quot;https:\\\/\\\/liversium.com\\\/wp-content\\\/uploads\\\/2023\\\/06\\\/liversium-promotora-inmobiliaria-9.jpg&quot;},{&quot;id&quot;:7919,&quot;url&quot;:&quot;https:\\\/\\\/liversium.com\\\/wp-content\\\/uploads\\\/2023\\\/06\\\/liversium-promotora-inmobiliaria-23.jpg&quot;}],&quot;background_slideshow_lazyload&quot;:&quot;yes&quot;,&quot;background_slideshow_ken_burns&quot;:&quot;yes&quot;,&quot;background_slideshow_loop&quot;:&quot;yes&quot;,&quot;background_slideshow_slide_duration&quot;:5000,&quot;background_slideshow_slide_transition&quot;:&quot;fade&quot;,&quot;background_slideshow_transition_duration&quot;:500,&quot;background_slideshow_ken_burns_zoom_direction&quot;:&quot;in&quot;}\">\n\t\t\t\t\t\t\t<div class=\"elementor-background-overlay\"><\/div>\n\t\t\t\t\t\t\t<div class=\"elementor-container elementor-column-gap-no\">\n\t\t\t\t\t<div class=\"elementor-column elementor-col-100 elementor-top-column elementor-element elementor-element-50639985\" data-id=\"50639985\" data-element_type=\"column\">\n\t\t\t<div class=\"elementor-widget-wrap elementor-element-populated\">\n\t\t\t\t\t\t<div class=\"elementor-element elementor-element-6f1a97e5 elementor-headline--style-rotate elementor-widget elementor-widget-animated-headline\" data-id=\"6f1a97e5\" data-element_type=\"widget\" data-settings=\"{&quot;headline_style&quot;:&quot;rotate&quot;,&quot;animation_type&quot;:&quot;slide&quot;,&quot;rotating_text&quot;:&quot;Calidad\\nDise\\u00f1o\\nEspacio&quot;,&quot;rotate_iteration_delay&quot;:4500,&quot;loop&quot;:&quot;yes&quot;}\" data-widget_type=\"animated-headline.default\">\n\t\t\t\t<div class=\"elementor-widget-container\">\n\t\t\t\t\t\t\t<h2 class=\"elementor-headline elementor-headline-animation-type-slide\">\n\t\t\t\t<span class=\"elementor-headline-dynamic-wrapper elementor-headline-text-wrapper\">\n\t\t\t\t\t<span class=\"elementor-headline-dynamic-text elementor-headline-text-active\">\n\t\t\t\tCalidad\t\t\t<\/span>\n\t\t\t\t\t<span class=\"elementor-headline-dynamic-text\">\n\t\t\t\tDise\u00f1o\t\t\t<\/span>\n\t\t\t\t\t<span class=\"elementor-headline-dynamic-text\">\n\t\t\t\tEspacio\t\t\t<\/span>\n\t\t\t\t\t\t<\/span>\n\t\t\t\t<\/h2>\n\t\t\t\t\t\t<\/div>\n\t\t\t\t<\/div>\n\t\t\t\t<div class=\"elementor-element elementor-element-2e377e6a elementor-widget elementor-widget-text-editor\" data-id=\"2e377e6a\" data-element_type=\"widget\" data-widget_type=\"text-editor.default\">\n\t\t\t\t<div class=\"elementor-widget-container\">\n\t\t\t\t\t\t\t\t\t<p>Bienvenido a Liversum, tu nuevo hogar te est\u00e1 esperando<\/p>\t\t\t\t\t\t\t\t<\/div>\n\t\t\t\t<\/div>\n\t\t\t\t\t<\/div>\n\t\t<\/div>\n\t\t\t\t\t<\/div>\n\t\t<\/section>\n\t\t\t\t<section class=\"elementor-section elementor-top-section elementor-element elementor-element-394b15d elementor-section-boxed elementor-section-height-default elementor-section-height-default\" data-id=\"394b15d\" data-element_type=\"section\">\n\t\t\t\t\t\t<div class=\"elementor-container elementor-column-gap-default\">\n\t\t\t\t\t<div class=\"elementor-column elementor-col-100 elementor-top-column elementor-element elementor-element-de43436\" data-id=\"de43436\" data-element_type=\"column\">\n\t\t\t<div class=\"elementor-widget-wrap elementor-element-populated\">\n\t\t\t\t\t\t<div class=\"elementor-element elementor-element-2cb1933 elementor-widget elementor-widget-spacer\" data-id=\"2cb1933\" data-element_type=\"widget\" data-widget_type=\"spacer.default\">\n\t\t\t\t<div class=\"elementor-widget-container\">\n\t\t\t\t\t\t\t<div class=\"elementor-spacer\">\n\t\t\t<div class=\"elementor-spacer-inner\"><\/div>\n\t\t<\/div>\n\t\t\t\t\t\t<\/div>\n\t\t\t\t<\/div>\n\t\t\t\t\t<\/div>\n\t\t<\/div>\n\t\t\t\t\t<\/div>\n\t\t<\/section>\n\t\t\t\t<section class=\"elementor-section elementor-top-section elementor-element elementor-element-cb5fb3c elementor-section-boxed elementor-section-height-default elementor-section-height-default\" data-id=\"cb5fb3c\" data-element_type=\"section\">\n\t\t\t\t\t\t<div class=\"elementor-container elementor-column-gap-default\">\n\t\t\t\t\t<div class=\"elementor-column elementor-col-100 elementor-top-column elementor-element elementor-element-9ec6e0d\" data-id=\"9ec6e0d\" data-element_type=\"column\">\n\t\t\t<div class=\"elementor-widget-wrap elementor-element-populated\">\n\t\t\t\t\t\t<section class=\"elementor-section elementor-inner-section elementor-element elementor-element-e5bc6d6 elementor-section-boxed elementor-section-height-default elementor-section-height-default\" data-id=\"e5bc6d6\" data-element_type=\"section\">\n\t\t\t\t\t\t<div class=\"elementor-container elementor-column-gap-default\">\n\t\t\t\t\t<div class=\"elementor-column elementor-col-100 elementor-inner-column elementor-element elementor-element-162025f\" data-id=\"162025f\" data-element_type=\"column\">\n\t\t\t<div class=\"elementor-widget-wrap elementor-element-populated\">\n\t\t\t\t\t\t<div class=\"elementor-element elementor-element-9a3b45d elementor-widget elementor-widget-houzez_elementor_section_title\" data-id=\"9a3b45d\" data-element_type=\"widget\" data-widget_type=\"houzez_elementor_section_title.default\">\n\t\t\t\t<div class=\"elementor-widget-container\">\n\t\t\t\t\t            <div class=\"houzez_section_title_wrap section-title-module\">\n                                    <h2 class=\"houzez_section_title\">Amenities<\/h2>\n                \n                            <\/div>\n            \t\t\t\t<\/div>\n\t\t\t\t<\/div>\n\t\t\t\t\t<\/div>\n\t\t<\/div>\n\t\t\t\t\t<\/div>\n\t\t<\/section>\n\t\t\t\t<section class=\"elementor-section elementor-inner-section elementor-element elementor-element-2b5c717 elementor-section-boxed elementor-section-height-default elementor-section-height-default\" data-id=\"2b5c717\" data-element_type=\"section\">\n\t\t\t\t\t\t<div class=\"elementor-container elementor-column-gap-default\">\n\t\t\t\t\t<div class=\"elementor-column elementor-col-100 elementor-inner-column elementor-element elementor-element-f7391d9\" data-id=\"f7391d9\" data-element_type=\"column\">\n\t\t\t<div class=\"elementor-widget-wrap elementor-element-populated\">\n\t\t\t\t\t\t<div class=\"elementor-element elementor-element-77b75f5 elementor-widget__width-initial elementor-widget elementor-widget-text-editor\" data-id=\"77b75f5\" data-element_type=\"widget\" data-widget_type=\"text-editor.default\">\n\t\t\t\t<div class=\"elementor-widget-container\">\n\t\t\t\t\t\t\t\t\t<hr \/><p>Elegir una vivienda en Liversium significa elegir un estilo de vida caracterizado por la diferencia y la singularidad&#8230;<\/p><p>\u00a0<\/p><p><b><i class=\"fas fa-door-open\"><\/i> Zonas Comunes<\/b><\/p><hr \/><p>Transformamos las zonas comunes para convertirlas en verdaderos espacios de vida y ocio&#8230;<\/p><p>\u00a0<\/p><p>\u00a0<\/p><p><b><i class=\"fas fa-utensils\"><\/i> Sala Social Gourmet<\/b><\/p><hr \/><p>Un espacio c\u00e1lido y acogedor perfecto para compartir y crear recuerdos inolvidables.<\/p><p>\u00a0<\/p><p>\u00a0<\/p><p><b><i class=\"fas fa-gamepad\"><\/i> Sala Juegos Ni\u00f1os<\/b><\/p><hr \/><p>Un lugar seguro y divertido para los m\u00e1s peque\u00f1os de la casa&#8230;<\/p><p>\u00a0<\/p><p>\u00a0<\/p><p><b><i class=\"fas fa-home\"><\/i> Casa de invitados<\/b><\/p><hr \/><p>Dentro de nuestras residencias ofrecemos una Guest House&#8230;<\/p><p>\u00a0<\/p><p>\u00a0<\/p><p><b><i class=\"fas fa-car\"><\/i> Estaciona<\/b><b>miento decorado<\/b><\/p><hr \/><p>Guarda tu coche o moto de una manera \u00fanica y divertida en nuestros espacios de estacionamiento din\u00e1micos y creativos.<\/p><p>\u00a0<\/p><p>\u00a0<\/p><p><b><i class=\"fas fa-basketball-ball\"><\/i> Patio de juegos<\/b><\/p><hr \/><p>Un \u00e1rea dise\u00f1ada para el entretenimiento y la diversi\u00f3n de los ni\u00f1os&#8230;<\/p><p>\u00a0<\/p><p>\u00a0<\/p><p><b><i class=\"fas fa-swimming-pool\"><\/i> Piscina<\/b><\/p><hr \/><p>Disfruta de un chapuz\u00f3n refrescante en los d\u00edas calurosos&#8230;<\/p><p>\u00a0<\/p><p>\u00a0<\/p><p><b><i class=\"fas fa-film\"><\/i> Sala de cine<\/b><\/p><hr \/><p>Ve los \u00faltimos lanzamientos de pel\u00edculas y series en la comodidad de tu propia sala de cine privada.<\/p><p>\u00a0<\/p><p>\u00a0<\/p><p><b><i class=\"fas fa-spa\"><\/i> Sala de belleza<\/b><\/p><hr \/><p>Un espacio exclusivo para quienes deseen cuidarse y relajarse sin tener que salir de casa.<\/p><p>\u00a0<\/p><p>\u00a0<\/p><p><b><i class=\"fas fa-dumbbell\"><\/i> Gimnasio<\/b><\/p><hr \/><p>Mant\u00e9n la forma en nuestro gimnasio completamente equipado.<\/p><p>\u00a0<\/p><p>\u00a0<\/p><p><b><i class=\"fas fa-book\"><\/i> Sala de estud<\/b><b>io<\/b><\/p><hr \/><p>Un espacio silencioso y tranquilo, ideal para que tus hijos se concentren en sus estudios sin interrupciones.<\/p><p>\u00a0<\/p><p>\u00a0<\/p><p><b><i class=\"fas fa-heartbeat\"><\/i> \u00c1rea de Salud<\/b><\/p><hr \/><p>En Liversium nos preocupa tu bienestar&#8230;<\/p><p>\u00a0<\/p><p>\u00a0<\/p><p><b><i class=\"fas fa-bicycle\"><\/i> Parking de bicicletas<\/b><\/p><hr \/><p>Nuestro parking seguro y accesible te permitir\u00e1 dejar tu bicicleta sabiendo que est\u00e1 en un lugar dise\u00f1ado espec\u00edficamente para su almacenamiento.<\/p><p>\u00a0<\/p><p>\u00a0<\/p><p><b><i class=\"fas fa-mailbox\"><\/i> Buzones int<\/b><b>eligentes<\/b><\/p><hr \/><p>Para hacer tu vida a\u00fan m\u00e1s c\u00f3moda, ofrecemos lockers electr\u00f3nicos para recibir productos y servicios en casa sin necesidad de estar presente.<\/p><p>\u00a0<\/p><p>\u00a0<\/p><p><b><i class=\"fas fa-laptop\"><\/i> Sala de coworking<\/b><\/p><hr \/><p>Nuestro espacio de coworking te ofrece todas las comodidades necesarias para trabajar de manera eficiente y productiva.<\/p><p>Todas estas amenidades est\u00e1n dise\u00f1adas para hacer tu vida m\u00e1s f\u00e1cil y agradable&#8230;<\/p>\t\t\t\t\t\t\t\t<\/div>\n\t\t\t\t<\/div>\n\t\t\t\t\t<\/div>\n\t\t<\/div>\n\t\t\t\t\t<\/div>\n\t\t<\/section>\n\t\t\t\t\t<\/div>\n\t\t<\/div>\n\t\t\t\t\t<\/div>\n\t\t<\/section>\n\t\t\t\t<section class=\"elementor-section elementor-top-section elementor-element elementor-element-0a57ab6 elementor-section-boxed elementor-section-height-default elementor-section-height-default\" data-id=\"0a57ab6\" data-element_type=\"section\">\n\t\t\t\t\t\t<div class=\"elementor-container elementor-column-gap-default\">\n\t\t\t\t\t<div class=\"elementor-column elementor-col-100 elementor-top-column elementor-element elementor-element-4c16c44\" data-id=\"4c16c44\" data-element_type=\"column\">\n\t\t\t<div class=\"elementor-widget-wrap elementor-element-populated\">\n\t\t\t\t\t\t<div class=\"elementor-element elementor-element-6ce78c5 elementor-widget elementor-widget-spacer\" data-id=\"6ce78c5\" data-element_type=\"widget\" data-widget_type=\"spacer.default\">\n\t\t\t\t<div class=\"elementor-widget-container\">\n\t\t\t\t\t\t\t<div class=\"elementor-spacer\">\n\t\t\t<div class=\"elementor-spacer-inner\"><\/div>\n\t\t<\/div>\n\t\t\t\t\t\t<\/div>\n\t\t\t\t<\/div>\n\t\t\t\t\t<\/div>\n\t\t<\/div>\n\t\t\t\t\t<\/div>\n\t\t<\/section>\n\t\t\t\t<section class=\"elementor-section elementor-top-section elementor-element elementor-element-55c8401b elementor-section-boxed elementor-section-height-default elementor-section-height-default\" data-id=\"55c8401b\" data-element_type=\"section\" data-settings=\"{&quot;background_background&quot;:&quot;classic&quot;}\">\n\t\t\t\t\t\t<div class=\"elementor-container elementor-column-gap-default\">\n\t\t\t\t\t<div class=\"elementor-column elementor-col-100 elementor-top-column elementor-element elementor-element-b3cc363\" data-id=\"b3cc363\" data-element_type=\"column\">\n\t\t\t<div class=\"elementor-widget-wrap elementor-element-populated\">\n\t\t\t\t\t\t<div class=\"elementor-element elementor-element-02e25a5 elementor-widget elementor-widget-houzez_elementor_section_title\" data-id=\"02e25a5\" data-element_type=\"widget\" data-widget_type=\"houzez_elementor_section_title.default\">\n\t\t\t\t<div class=\"elementor-widget-container\">\n\t\t\t\t\t            <div class=\"houzez_section_title_wrap section-title-module\">\n                                    <h2 class=\"houzez_section_title\">Noticias<\/h2>\n                \n                                    <p class=\"houzez_section_subtitle\">Liversium al d\u00eda<\/p>\n                            <\/div>\n            \t\t\t\t<\/div>\n\t\t\t\t<\/div>\n\t\t\t\t<div class=\"elementor-element elementor-element-75deacd elementor-grid-4 elementor-posts--align-center elementor-grid-tablet-2 elementor-grid-mobile-1 elementor-posts--thumbnail-top elementor-posts__hover-gradient elementor-widget elementor-widget-posts\" data-id=\"75deacd\" data-element_type=\"widget\" data-settings=\"{&quot;cards_columns&quot;:&quot;4&quot;,&quot;cards_row_gap&quot;:{&quot;unit&quot;:&quot;px&quot;,&quot;size&quot;:31,&quot;sizes&quot;:[]},&quot;cards_columns_tablet&quot;:&quot;2&quot;,&quot;cards_columns_mobile&quot;:&quot;1&quot;,&quot;cards_row_gap_tablet&quot;:{&quot;unit&quot;:&quot;px&quot;,&quot;size&quot;:&quot;&quot;,&quot;sizes&quot;:[]},&quot;cards_row_gap_mobile&quot;:{&quot;unit&quot;:&quot;px&quot;,&quot;size&quot;:&quot;&quot;,&quot;sizes&quot;:[]}}\" data-widget_type=\"posts.cards\">\n\t\t\t\t<div class=\"elementor-widget-container\">\n\t\t\t\t\t\t\t<div class=\"elementor-posts-container elementor-posts elementor-posts--skin-cards elementor-grid\" role=\"list\">\n\t\t\t\t<article class=\"elementor-post elementor-grid-item post-9436 post type-post status-publish format-standard has-post-thumbnail hentry category-real-estate tag-apartment tag-business-development tag-house-for-families tag-houzez tag-luxury tag-real-estate\" role=\"listitem\">\n\t\t\t<div class=\"elementor-post__card\">\n\t\t\t\t<a class=\"elementor-post__thumbnail__link\" href=\"https:\/\/liversium.com\/index.php\/2024\/01\/17\/nido-capital-revoluciona-alcobendas-con-proyecto-multifuncional-de-25-millones\/\" tabindex=\"-1\" ><div class=\"elementor-post__thumbnail\"><img fetchpriority=\"high\" decoding=\"async\" width=\"300\" height=\"232\" src=\"https:\/\/liversium.com\/wp-content\/uploads\/2024\/01\/Smart_places_Grupo_Nido.height-800.format-webp-300x232.webp\" class=\"attachment-medium size-medium wp-image-9439\" alt=\"\" srcset=\"https:\/\/liversium.com\/wp-content\/uploads\/2024\/01\/Smart_places_Grupo_Nido.height-800.format-webp-300x232.webp 300w, https:\/\/liversium.com\/wp-content\/uploads\/2024\/01\/Smart_places_Grupo_Nido.height-800.format-webp-1024x791.webp 1024w, https:\/\/liversium.com\/wp-content\/uploads\/2024\/01\/Smart_places_Grupo_Nido.height-800.format-webp-768x594.webp 768w, https:\/\/liversium.com\/wp-content\/uploads\/2024\/01\/Smart_places_Grupo_Nido.height-800.format-webp-776x600.webp 776w, https:\/\/liversium.com\/wp-content\/uploads\/2024\/01\/Smart_places_Grupo_Nido.height-800.format-webp-496x383.webp 496w, https:\/\/liversium.com\/wp-content\/uploads\/2024\/01\/Smart_places_Grupo_Nido.height-800.format-webp.webp 1035w\" sizes=\"(max-width: 300px) 100vw, 300px\" \/><\/div><\/a>\n\t\t\t\t<div class=\"elementor-post__text\">\n\t\t\t\t<h3 class=\"elementor-post__title\">\n\t\t\t<a href=\"https:\/\/liversium.com\/index.php\/2024\/01\/17\/nido-capital-revoluciona-alcobendas-con-proyecto-multifuncional-de-25-millones\/\" >\n\t\t\t\tNido Capital Revoluciona Alcobendas con Proyecto Multifuncional de 25 Millones\t\t\t<\/a>\n\t\t<\/h3>\n\t\t\t\t<div class=\"elementor-post__excerpt\">\n\t\t\t<p>El 16 de enero de 2024, Mar\u00eda Encabo inform\u00f3 sobre la significativa inversi\u00f3n de m\u00e1s de 25 millones de euros realizada por Nido Capital, parte del<\/p>\n\t\t<\/div>\n\t\t\t\t\t<div class=\"elementor-post__read-more-wrapper\">\n\t\t\n\t\t<a class=\"elementor-post__read-more\" href=\"https:\/\/liversium.com\/index.php\/2024\/01\/17\/nido-capital-revoluciona-alcobendas-con-proyecto-multifuncional-de-25-millones\/\" aria-label=\"M\u00e1s informaci\u00f3n sobre Nido Capital Revoluciona Alcobendas con Proyecto Multifuncional de 25 Millones\" tabindex=\"-1\" >\n\t\t\tLeer noticia completa \u00bb\t\t<\/a>\n\n\t\t\t\t\t<\/div>\n\t\t\t\t<\/div>\n\t\t\t\t<div class=\"elementor-post__meta-data\">\n\t\t\t\t\t<span class=\"elementor-post-date\">\n\t\t\tenero 17, 2024\t\t<\/span>\n\t\t\t\t<\/div>\n\t\t\t\t\t<\/div>\n\t\t<\/article>\n\t\t\t\t<article class=\"elementor-post elementor-grid-item post-616 post type-post status-publish format-standard has-post-thumbnail hentry category-real-estate tag-apartment tag-business-development tag-house-for-families tag-houzez tag-luxury tag-real-estate\" role=\"listitem\">\n\t\t\t<div class=\"elementor-post__card\">\n\t\t\t\t<a class=\"elementor-post__thumbnail__link\" href=\"https:\/\/liversium.com\/index.php\/2023\/12\/31\/the-ultimate-cheat-sheet-on-real-estate\/\" tabindex=\"-1\" ><div class=\"elementor-post__thumbnail\"><img decoding=\"async\" width=\"212\" height=\"300\" src=\"https:\/\/liversium.com\/wp-content\/uploads\/2016\/03\/REVISTAPORTADA-212x300.jpg\" class=\"attachment-medium size-medium wp-image-8093\" alt=\"\" srcset=\"https:\/\/liversium.com\/wp-content\/uploads\/2016\/03\/REVISTAPORTADA-212x300.jpg 212w, https:\/\/liversium.com\/wp-content\/uploads\/2016\/03\/REVISTAPORTADA-424x600.jpg 424w, https:\/\/liversium.com\/wp-content\/uploads\/2016\/03\/REVISTAPORTADA-496x701.jpg 496w, https:\/\/liversium.com\/wp-content\/uploads\/2016\/03\/REVISTAPORTADA.jpg 570w\" sizes=\"(max-width: 212px) 100vw, 212px\" \/><\/div><\/a>\n\t\t\t\t<div class=\"elementor-post__text\">\n\t\t\t\t<h3 class=\"elementor-post__title\">\n\t\t\t<a href=\"https:\/\/liversium.com\/index.php\/2023\/12\/31\/the-ultimate-cheat-sheet-on-real-estate\/\" >\n\t\t\t\tGRUPO NIDO CAPITAL: EN PORTADA DE LA PRESTIGIOSA REVISTA M2\t\t\t<\/a>\n\t\t<\/h3>\n\t\t\t\t<div class=\"elementor-post__excerpt\">\n\t\t\t<p>Nos complace anunciar que Grupo Nido Capital ha sido destacado en la portada de la edici\u00f3n n\u00famero 335 de la revista m2, una publicaci\u00f3n de renombre<\/p>\n\t\t<\/div>\n\t\t\t\t\t<div class=\"elementor-post__read-more-wrapper\">\n\t\t\n\t\t<a class=\"elementor-post__read-more\" href=\"https:\/\/liversium.com\/index.php\/2023\/12\/31\/the-ultimate-cheat-sheet-on-real-estate\/\" aria-label=\"M\u00e1s informaci\u00f3n sobre GRUPO NIDO CAPITAL: EN PORTADA DE LA PRESTIGIOSA REVISTA M2\" tabindex=\"-1\" >\n\t\t\tLeer noticia completa \u00bb\t\t<\/a>\n\n\t\t\t\t\t<\/div>\n\t\t\t\t<\/div>\n\t\t\t\t<div class=\"elementor-post__meta-data\">\n\t\t\t\t\t<span class=\"elementor-post-date\">\n\t\t\tdiciembre 31, 2023\t\t<\/span>\n\t\t\t\t<\/div>\n\t\t\t\t\t<\/div>\n\t\t<\/article>\n\t\t\t\t<article class=\"elementor-post elementor-grid-item post-8097 post type-post status-publish format-standard has-post-thumbnail hentry category-real-estate tag-apartment tag-business-development tag-house-for-families tag-houzez tag-luxury tag-real-estate\" role=\"listitem\">\n\t\t\t<div class=\"elementor-post__card\">\n\t\t\t\t<a class=\"elementor-post__thumbnail__link\" href=\"https:\/\/liversium.com\/index.php\/2023\/06\/21\/grupo-nido-capital-planea-establecer-una-nueva-fabrica-de-construccion-de-modulos-de-viviendas-en-aranda-de-duero\/\" tabindex=\"-1\" ><div class=\"elementor-post__thumbnail\"><img decoding=\"async\" width=\"300\" height=\"200\" src=\"https:\/\/liversium.com\/wp-content\/uploads\/2023\/06\/gruponido-300x200.jpg\" class=\"attachment-medium size-medium wp-image-8098\" alt=\"\" srcset=\"https:\/\/liversium.com\/wp-content\/uploads\/2023\/06\/gruponido-300x200.jpg 300w, https:\/\/liversium.com\/wp-content\/uploads\/2023\/06\/gruponido-768x513.jpg 768w, https:\/\/liversium.com\/wp-content\/uploads\/2023\/06\/gruponido-898x600.jpg 898w, https:\/\/liversium.com\/wp-content\/uploads\/2023\/06\/gruponido-496x331.jpg 496w, https:\/\/liversium.com\/wp-content\/uploads\/2023\/06\/gruponido.jpg 1000w\" sizes=\"(max-width: 300px) 100vw, 300px\" \/><\/div><\/a>\n\t\t\t\t<div class=\"elementor-post__text\">\n\t\t\t\t<h3 class=\"elementor-post__title\">\n\t\t\t<a href=\"https:\/\/liversium.com\/index.php\/2023\/06\/21\/grupo-nido-capital-planea-establecer-una-nueva-fabrica-de-construccion-de-modulos-de-viviendas-en-aranda-de-duero\/\" >\n\t\t\t\tGRUPO NIDO CAPITAL PLANEA ESTABLECER UNA NUEVA F\u00c1BRICA DE CONSTRUCCI\u00d3N DE M\u00d3DULOS DE VIVIENDAS EN ARANDA DE DUERO\t\t\t<\/a>\n\t\t<\/h3>\n\t\t\t\t<div class=\"elementor-post__excerpt\">\n\t\t\t<p>Estamos encantados de anunciar que Grupo Nido Capital tiene planes de abrir una de las tres nuevas f\u00e1bricas de construcci\u00f3n de m\u00f3dulos de viviendas en Aranda<\/p>\n\t\t<\/div>\n\t\t\t\t\t<div class=\"elementor-post__read-more-wrapper\">\n\t\t\n\t\t<a class=\"elementor-post__read-more\" href=\"https:\/\/liversium.com\/index.php\/2023\/06\/21\/grupo-nido-capital-planea-establecer-una-nueva-fabrica-de-construccion-de-modulos-de-viviendas-en-aranda-de-duero\/\" aria-label=\"M\u00e1s informaci\u00f3n sobre GRUPO NIDO CAPITAL PLANEA ESTABLECER UNA NUEVA F\u00c1BRICA DE CONSTRUCCI\u00d3N DE M\u00d3DULOS DE VIVIENDAS EN ARANDA DE DUERO\" tabindex=\"-1\" >\n\t\t\tLeer noticia completa \u00bb\t\t<\/a>\n\n\t\t\t\t\t<\/div>\n\t\t\t\t<\/div>\n\t\t\t\t<div class=\"elementor-post__meta-data\">\n\t\t\t\t\t<span class=\"elementor-post-date\">\n\t\t\tjunio 21, 2023\t\t<\/span>\n\t\t\t\t<\/div>\n\t\t\t\t\t<\/div>\n\t\t<\/article>\n\t\t\t\t<article class=\"elementor-post elementor-grid-item post-8100 post type-post status-publish format-standard has-post-thumbnail hentry category-real-estate tag-apartment tag-business-development tag-house-for-families tag-houzez tag-luxury tag-real-estate\" role=\"listitem\">\n\t\t\t<div class=\"elementor-post__card\">\n\t\t\t\t<a class=\"elementor-post__thumbnail__link\" href=\"https:\/\/liversium.com\/index.php\/2023\/05\/16\/retrasos-en-la-apertura-de-una-nueva-fabrica-del-grupo-nido-capital-en-aranda-de-duero\/\" tabindex=\"-1\" ><div class=\"elementor-post__thumbnail\"><img loading=\"lazy\" decoding=\"async\" width=\"300\" height=\"200\" src=\"https:\/\/liversium.com\/wp-content\/uploads\/2023\/06\/nidointernationa-4-300x200.jpg\" class=\"attachment-medium size-medium wp-image-8102\" alt=\"\" srcset=\"https:\/\/liversium.com\/wp-content\/uploads\/2023\/06\/nidointernationa-4-300x200.jpg 300w, https:\/\/liversium.com\/wp-content\/uploads\/2023\/06\/nidointernationa-4-768x512.jpg 768w, https:\/\/liversium.com\/wp-content\/uploads\/2023\/06\/nidointernationa-4-900x600.jpg 900w, https:\/\/liversium.com\/wp-content\/uploads\/2023\/06\/nidointernationa-4-496x331.jpg 496w, https:\/\/liversium.com\/wp-content\/uploads\/2023\/06\/nidointernationa-4.jpg 1000w\" sizes=\"(max-width: 300px) 100vw, 300px\" \/><\/div><\/a>\n\t\t\t\t<div class=\"elementor-post__text\">\n\t\t\t\t<h3 class=\"elementor-post__title\">\n\t\t\t<a href=\"https:\/\/liversium.com\/index.php\/2023\/05\/16\/retrasos-en-la-apertura-de-una-nueva-fabrica-del-grupo-nido-capital-en-aranda-de-duero\/\" >\n\t\t\t\tRETRASOS EN LA APERTURA DE UNA NUEVA F\u00c1BRICA DEL GRUPO NIDO CAPITAL EN ARANDA DE DUERO\t\t\t<\/a>\n\t\t<\/h3>\n\t\t\t\t<div class=\"elementor-post__excerpt\">\n\t\t\t<p>Nuestro ambicioso plan para abrir una nueva f\u00e1brica de construcci\u00f3n modular en Aranda de Duero, anunciado recientemente por nuestro director general, Miguel Riesgo, enfrenta desaf\u00edos debido<\/p>\n\t\t<\/div>\n\t\t\t\t\t<div class=\"elementor-post__read-more-wrapper\">\n\t\t\n\t\t<a class=\"elementor-post__read-more\" href=\"https:\/\/liversium.com\/index.php\/2023\/05\/16\/retrasos-en-la-apertura-de-una-nueva-fabrica-del-grupo-nido-capital-en-aranda-de-duero\/\" aria-label=\"M\u00e1s informaci\u00f3n sobre RETRASOS EN LA APERTURA DE UNA NUEVA F\u00c1BRICA DEL GRUPO NIDO CAPITAL EN ARANDA DE DUERO\" tabindex=\"-1\" >\n\t\t\tLeer noticia completa \u00bb\t\t<\/a>\n\n\t\t\t\t\t<\/div>\n\t\t\t\t<\/div>\n\t\t\t\t<div class=\"elementor-post__meta-data\">\n\t\t\t\t\t<span class=\"elementor-post-date\">\n\t\t\tmayo 16, 2023\t\t<\/span>\n\t\t\t\t<\/div>\n\t\t\t\t\t<\/div>\n\t\t<\/article>\n\t\t\t\t<\/div>\n\t\t\n\t\t\t\t\t\t<\/div>\n\t\t\t\t<\/div>\n\t\t\t\t\t<\/div>\n\t\t<\/div>\n\t\t\t\t\t<\/div>\n\t\t<\/section>\n\t\t\t\t<\/div>\n\t\t","protected":false},"excerpt":{"rendered":"<p>Calidad Dise\u00f1o Espacio Bienvenido a Liversum, tu nuevo hogar te est\u00e1 esperando Amenities Elegir una vivienda en Liversium significa elegir un estilo de vida caracterizado por la diferencia y la singularidad&#8230; \u00a0 Zonas Comunes Transformamos las zonas comunes para convertirlas en verdaderos espacios de vida y ocio&#8230; \u00a0 \u00a0 Sala Social Gourmet Un espacio c\u00e1lido [&hellip;]<\/p>\n","protected":false},"author":2,"featured_media":0,"parent":0,"menu_order":0,"comment_status":"closed","ping_status":"closed","template":"elementor_header_footer","meta":{"footnotes":""},"class_list":["post-8250","page","type-page","status-publish","hentry"],"_links":{"self":[{"href":"https:\/\/liversium.com\/index.php\/wp-json\/wp\/v2\/pages\/8250","targetHints":{"allow":["GET"]}}],"collection":[{"href":"https:\/\/liversium.com\/index.php\/wp-json\/wp\/v2\/pages"}],"about":[{"href":"https:\/\/liversium.com\/index.php\/wp-json\/wp\/v2\/types\/page"}],"author":[{"embeddable":true,"href":"https:\/\/liversium.com\/index.php\/wp-json\/wp\/v2\/users\/2"}],"replies":[{"embeddable":true,"href":"https:\/\/liversium.com\/index.php\/wp-json\/wp\/v2\/comments?post=8250"}],"version-history":[{"count":28,"href":"https:\/\/liversium.com\/index.php\/wp-json\/wp\/v2\/pages\/8250\/revisions"}],"predecessor-version":[{"id":8396,"href":"https:\/\/liversium.com\/index.php\/wp-json\/wp\/v2\/pages\/8250\/revisions\/8396"}],"wp:attachment":[{"href":"https:\/\/liversium.com\/index.php\/wp-json\/wp\/v2\/media?parent=8250"}],"curies":[{"name":"wp","href":"https:\/\/api.w.org\/{rel}","templated":true}]}}