{"id":8256,"date":"2023-06-23T09:52:56","date_gmt":"2023-06-23T09:52:56","guid":{"rendered":"https:\/\/liversium.com\/?page_id=8256"},"modified":"2024-01-03T10:39:57","modified_gmt":"2024-01-03T10:39:57","slug":"liversium-care","status":"publish","type":"page","link":"https:\/\/liversium.com\/index.php\/liversium-care\/","title":{"rendered":"Liversium Care"},"content":{"rendered":"\t\t<div data-elementor-type=\"wp-post\" data-elementor-id=\"8256\" class=\"elementor elementor-8256\" data-elementor-post-type=\"page\">\n\t\t\t\t\t\t<section class=\"elementor-section elementor-top-section elementor-element elementor-element-5f4aa7bd elementor-section-height-min-height elementor-section-content-middle elementor-section-boxed elementor-section-height-default elementor-section-items-middle\" data-id=\"5f4aa7bd\" data-element_type=\"section\" data-settings=\"{&quot;background_background&quot;:&quot;slideshow&quot;,&quot;background_slideshow_gallery&quot;:[{&quot;id&quot;:7935,&quot;url&quot;:&quot;https:\\\/\\\/liversium.com\\\/wp-content\\\/uploads\\\/2023\\\/06\\\/liversium-promotora-inmobiliaria-14.jpg&quot;},{&quot;id&quot;:7924,&quot;url&quot;:&quot;https:\\\/\\\/liversium.com\\\/wp-content\\\/uploads\\\/2023\\\/06\\\/liversium-promotora-inmobiliaria-3.jpg&quot;},{&quot;id&quot;:7932,&quot;url&quot;:&quot;https:\\\/\\\/liversium.com\\\/wp-content\\\/uploads\\\/2023\\\/06\\\/liversium-promotora-inmobiliaria-11.jpg&quot;},{&quot;id&quot;:7922,&quot;url&quot;:&quot;https:\\\/\\\/liversium.com\\\/wp-content\\\/uploads\\\/2023\\\/06\\\/liversium-promotora-inmobiliaria-1.jpg&quot;},{&quot;id&quot;:7930,&quot;url&quot;:&quot;https:\\\/\\\/liversium.com\\\/wp-content\\\/uploads\\\/2023\\\/06\\\/liversium-promotora-inmobiliaria-9.jpg&quot;},{&quot;id&quot;:7919,&quot;url&quot;:&quot;https:\\\/\\\/liversium.com\\\/wp-content\\\/uploads\\\/2023\\\/06\\\/liversium-promotora-inmobiliaria-23.jpg&quot;}],&quot;background_slideshow_lazyload&quot;:&quot;yes&quot;,&quot;background_slideshow_ken_burns&quot;:&quot;yes&quot;,&quot;background_slideshow_loop&quot;:&quot;yes&quot;,&quot;background_slideshow_slide_duration&quot;:5000,&quot;background_slideshow_slide_transition&quot;:&quot;fade&quot;,&quot;background_slideshow_transition_duration&quot;:500,&quot;background_slideshow_ken_burns_zoom_direction&quot;:&quot;in&quot;}\">\n\t\t\t\t\t\t\t<div class=\"elementor-background-overlay\"><\/div>\n\t\t\t\t\t\t\t<div class=\"elementor-container elementor-column-gap-no\">\n\t\t\t\t\t<div class=\"elementor-column elementor-col-100 elementor-top-column elementor-element elementor-element-50639985\" data-id=\"50639985\" data-element_type=\"column\">\n\t\t\t<div class=\"elementor-widget-wrap elementor-element-populated\">\n\t\t\t\t\t\t<div class=\"elementor-element elementor-element-6f1a97e5 elementor-headline--style-rotate elementor-widget elementor-widget-animated-headline\" data-id=\"6f1a97e5\" data-element_type=\"widget\" data-settings=\"{&quot;headline_style&quot;:&quot;rotate&quot;,&quot;animation_type&quot;:&quot;slide&quot;,&quot;rotating_text&quot;:&quot;Calidad\\nDise\\u00f1o\\nEspacio&quot;,&quot;rotate_iteration_delay&quot;:4500,&quot;loop&quot;:&quot;yes&quot;}\" data-widget_type=\"animated-headline.default\">\n\t\t\t\t<div class=\"elementor-widget-container\">\n\t\t\t\t\t\t\t<h2 class=\"elementor-headline elementor-headline-animation-type-slide\">\n\t\t\t\t<span class=\"elementor-headline-dynamic-wrapper elementor-headline-text-wrapper\">\n\t\t\t\t\t<span class=\"elementor-headline-dynamic-text elementor-headline-text-active\">\n\t\t\t\tCalidad\t\t\t<\/span>\n\t\t\t\t\t<span class=\"elementor-headline-dynamic-text\">\n\t\t\t\tDise\u00f1o\t\t\t<\/span>\n\t\t\t\t\t<span class=\"elementor-headline-dynamic-text\">\n\t\t\t\tEspacio\t\t\t<\/span>\n\t\t\t\t\t\t<\/span>\n\t\t\t\t<\/h2>\n\t\t\t\t\t\t<\/div>\n\t\t\t\t<\/div>\n\t\t\t\t<div class=\"elementor-element elementor-element-2e377e6a elementor-widget elementor-widget-text-editor\" data-id=\"2e377e6a\" data-element_type=\"widget\" data-widget_type=\"text-editor.default\">\n\t\t\t\t<div class=\"elementor-widget-container\">\n\t\t\t\t\t\t\t\t\t<p>Bienvenido a Liversum, tu nuevo hogar te est\u00e1 esperando<\/p>\t\t\t\t\t\t\t\t<\/div>\n\t\t\t\t<\/div>\n\t\t\t\t\t<\/div>\n\t\t<\/div>\n\t\t\t\t\t<\/div>\n\t\t<\/section>\n\t\t\t\t<section class=\"elementor-section elementor-top-section elementor-element elementor-element-394b15d elementor-section-boxed elementor-section-height-default elementor-section-height-default\" data-id=\"394b15d\" data-element_type=\"section\">\n\t\t\t\t\t\t<div class=\"elementor-container elementor-column-gap-default\">\n\t\t\t\t\t<div class=\"elementor-column elementor-col-100 elementor-top-column elementor-element elementor-element-de43436\" data-id=\"de43436\" data-element_type=\"column\">\n\t\t\t<div class=\"elementor-widget-wrap elementor-element-populated\">\n\t\t\t\t\t\t<div class=\"elementor-element elementor-element-2cb1933 elementor-widget elementor-widget-spacer\" data-id=\"2cb1933\" data-element_type=\"widget\" data-widget_type=\"spacer.default\">\n\t\t\t\t<div class=\"elementor-widget-container\">\n\t\t\t\t\t\t\t<div class=\"elementor-spacer\">\n\t\t\t<div class=\"elementor-spacer-inner\"><\/div>\n\t\t<\/div>\n\t\t\t\t\t\t<\/div>\n\t\t\t\t<\/div>\n\t\t\t\t\t<\/div>\n\t\t<\/div>\n\t\t\t\t\t<\/div>\n\t\t<\/section>\n\t\t\t\t<section class=\"elementor-section elementor-top-section elementor-element elementor-element-cb5fb3c elementor-section-boxed elementor-section-height-default elementor-section-height-default\" data-id=\"cb5fb3c\" data-element_type=\"section\">\n\t\t\t\t\t\t<div class=\"elementor-container elementor-column-gap-default\">\n\t\t\t\t\t<div class=\"elementor-column elementor-col-100 elementor-top-column elementor-element elementor-element-9ec6e0d\" data-id=\"9ec6e0d\" data-element_type=\"column\">\n\t\t\t<div class=\"elementor-widget-wrap elementor-element-populated\">\n\t\t\t\t\t\t<section class=\"elementor-section elementor-inner-section elementor-element elementor-element-e5bc6d6 elementor-section-boxed elementor-section-height-default elementor-section-height-default\" data-id=\"e5bc6d6\" data-element_type=\"section\">\n\t\t\t\t\t\t<div class=\"elementor-container elementor-column-gap-default\">\n\t\t\t\t\t<div class=\"elementor-column elementor-col-100 elementor-inner-column elementor-element elementor-element-162025f\" data-id=\"162025f\" data-element_type=\"column\">\n\t\t\t<div class=\"elementor-widget-wrap elementor-element-populated\">\n\t\t\t\t\t\t<div class=\"elementor-element elementor-element-9a3b45d elementor-widget elementor-widget-houzez_elementor_section_title\" data-id=\"9a3b45d\" data-element_type=\"widget\" data-widget_type=\"houzez_elementor_section_title.default\">\n\t\t\t\t<div class=\"elementor-widget-container\">\n\t\t\t\t\t            <div class=\"houzez_section_title_wrap section-title-module\">\n                                    <h2 class=\"houzez_section_title\">Cuidado<\/h2>\n                \n                            <\/div>\n            \t\t\t\t<\/div>\n\t\t\t\t<\/div>\n\t\t\t\t\t<\/div>\n\t\t<\/div>\n\t\t\t\t\t<\/div>\n\t\t<\/section>\n\t\t\t\t<section class=\"elementor-section elementor-inner-section elementor-element elementor-element-2b5c717 elementor-section-boxed elementor-section-height-default elementor-section-height-default\" data-id=\"2b5c717\" data-element_type=\"section\">\n\t\t\t\t\t\t<div class=\"elementor-container elementor-column-gap-default\">\n\t\t\t\t\t<div class=\"elementor-column elementor-col-100 elementor-inner-column elementor-element elementor-element-f7391d9\" data-id=\"f7391d9\" data-element_type=\"column\">\n\t\t\t<div class=\"elementor-widget-wrap elementor-element-populated\">\n\t\t\t\t\t\t<div class=\"elementor-element elementor-element-77b75f5 elementor-widget elementor-widget-text-editor\" data-id=\"77b75f5\" data-element_type=\"widget\" data-widget_type=\"text-editor.default\">\n\t\t\t\t<div class=\"elementor-widget-container\">\n\t\t\t\t\t\t\t\t\t<p>Liversium Care: Compromiso con el medio ambiente y la responsabilidad social corporativa.<br>En Liversium, entendemos que el futuro de nuestro planeta depende del compromiso que adoptemos hoy con respecto a las pr\u00e1cticas de construcci\u00f3n sostenibles. Es por ello que hemos desarrollado nuestro programa Liversium Care, dise\u00f1ado para ser altamente respetuoso con el medio ambiente y nuestra responsabilidad social como grupo empresarial. Este enfoque eco-consciente abarca todas las fases de construcci\u00f3n y m\u00e1s all\u00e1, desde la selecci\u00f3n de materiales hasta la eficiencia energ\u00e9tica de cada una de nuestras residencias.<\/p>\n<p>Nos comprometemos a reducir al m\u00ednimo el impacto ambiental de nuestras operaciones, adoptando tecnolog\u00edas y t\u00e9cnicas de construcci\u00f3n sostenible, y buscando constantemente formas de mejorar nuestro rendimiento ambiental. Creemos que nuestro compromiso con la sostenibilidad y la responsabilidad social no s\u00f3lo es bueno para el planeta, sino que tambi\u00e9n mejora la calidad de vida de nuestros clientes y las comunidades en las que operamos.<\/p>\n<p>Liversium Care: Programa de Informaci\u00f3n al Comprador<br>Entendemos que la compra de una nueva vivienda es una de las decisiones m\u00e1s importantes de la vida. Queremos que nuestros clientes se sientan seguros y bien informados en cada paso del camino. Por eso, hemos creado el programa Liversium Care para mantener a nuestros compradores informados durante todo el proceso de construcci\u00f3n.<\/p>\n<p>Desde el momento en que se inicia la construcci\u00f3n hasta la entrega de llaves, nuestros compradores reciben actualizaciones peri\u00f3dicas por correo electr\u00f3nico u otros medios de comunicaci\u00f3n convenientes. Ya sea que se trate de progresos en la obra, cambios en el cronograma de construcci\u00f3n o anuncios importantes, nos aseguramos de que nuestros compradores est\u00e9n al tanto de todo.<\/p>\n<p>Adem\u00e1s, nuestro equipo est\u00e1 siempre a disposici\u00f3n para responder a cualquier pregunta o inquietud que puedan tener nuestros clientes. Estamos comprometidos a proporcionar una comunicaci\u00f3n clara y transparente para que nuestros compradores puedan sentirse seguros de que su nueva casa est\u00e1 en buenas manos.<\/p>\n<p><\/p>\n<hr>\n<p style=\"padding-left: 40px; text-align: center;\"><em><strong>El programa Liversium Care representa nuestro compromiso con el medio ambiente, la responsabilidad social y la satisfacci\u00f3n del cliente. Al elegir una residencia Liversium, est\u00e1s eligiendo un hogar que respeta el planeta y un equipo dedicado a mantenerte informado y a gusto durante todo el proceso de compra.<\/strong><\/em><\/p>\t\t\t\t\t\t\t\t<\/div>\n\t\t\t\t<\/div>\n\t\t\t\t\t<\/div>\n\t\t<\/div>\n\t\t\t\t\t<\/div>\n\t\t<\/section>\n\t\t\t\t\t<\/div>\n\t\t<\/div>\n\t\t\t\t\t<\/div>\n\t\t<\/section>\n\t\t\t\t<section class=\"elementor-section elementor-top-section elementor-element elementor-element-e4fd485 elementor-section-boxed elementor-section-height-default elementor-section-height-default\" data-id=\"e4fd485\" data-element_type=\"section\">\n\t\t\t\t\t\t<div class=\"elementor-container elementor-column-gap-default\">\n\t\t\t\t\t<div class=\"elementor-column elementor-col-100 elementor-top-column elementor-element elementor-element-ab5d68a\" data-id=\"ab5d68a\" data-element_type=\"column\">\n\t\t\t<div class=\"elementor-widget-wrap elementor-element-populated\">\n\t\t\t\t\t\t<div class=\"elementor-element elementor-element-0578b09 elementor-widget elementor-widget-spacer\" data-id=\"0578b09\" data-element_type=\"widget\" data-widget_type=\"spacer.default\">\n\t\t\t\t<div class=\"elementor-widget-container\">\n\t\t\t\t\t\t\t<div class=\"elementor-spacer\">\n\t\t\t<div class=\"elementor-spacer-inner\"><\/div>\n\t\t<\/div>\n\t\t\t\t\t\t<\/div>\n\t\t\t\t<\/div>\n\t\t\t\t\t<\/div>\n\t\t<\/div>\n\t\t\t\t\t<\/div>\n\t\t<\/section>\n\t\t\t\t<section class=\"elementor-section elementor-top-section elementor-element elementor-element-55c8401b elementor-section-boxed elementor-section-height-default elementor-section-height-default\" data-id=\"55c8401b\" data-element_type=\"section\" data-settings=\"{&quot;background_background&quot;:&quot;classic&quot;}\">\n\t\t\t\t\t\t<div class=\"elementor-container elementor-column-gap-default\">\n\t\t\t\t\t<div class=\"elementor-column elementor-col-100 elementor-top-column elementor-element elementor-element-b3cc363\" data-id=\"b3cc363\" data-element_type=\"column\">\n\t\t\t<div class=\"elementor-widget-wrap elementor-element-populated\">\n\t\t\t\t\t\t<div class=\"elementor-element elementor-element-02e25a5 elementor-widget elementor-widget-houzez_elementor_section_title\" data-id=\"02e25a5\" data-element_type=\"widget\" data-widget_type=\"houzez_elementor_section_title.default\">\n\t\t\t\t<div class=\"elementor-widget-container\">\n\t\t\t\t\t            <div class=\"houzez_section_title_wrap section-title-module\">\n                                    <h2 class=\"houzez_section_title\">Noticias<\/h2>\n                \n                                    <p class=\"houzez_section_subtitle\">Liversium al d\u00eda<\/p>\n                            <\/div>\n            \t\t\t\t<\/div>\n\t\t\t\t<\/div>\n\t\t\t\t<div class=\"elementor-element elementor-element-fd376de elementor-grid-4 elementor-posts--align-center elementor-grid-tablet-2 elementor-grid-mobile-1 elementor-posts--thumbnail-top elementor-posts__hover-gradient elementor-widget elementor-widget-posts\" data-id=\"fd376de\" data-element_type=\"widget\" data-settings=\"{&quot;cards_columns&quot;:&quot;4&quot;,&quot;cards_row_gap&quot;:{&quot;unit&quot;:&quot;px&quot;,&quot;size&quot;:31,&quot;sizes&quot;:[]},&quot;cards_columns_tablet&quot;:&quot;2&quot;,&quot;cards_columns_mobile&quot;:&quot;1&quot;,&quot;cards_row_gap_tablet&quot;:{&quot;unit&quot;:&quot;px&quot;,&quot;size&quot;:&quot;&quot;,&quot;sizes&quot;:[]},&quot;cards_row_gap_mobile&quot;:{&quot;unit&quot;:&quot;px&quot;,&quot;size&quot;:&quot;&quot;,&quot;sizes&quot;:[]}}\" data-widget_type=\"posts.cards\">\n\t\t\t\t<div class=\"elementor-widget-container\">\n\t\t\t\t\t\t\t<div class=\"elementor-posts-container elementor-posts elementor-posts--skin-cards elementor-grid\" role=\"list\">\n\t\t\t\t<article class=\"elementor-post elementor-grid-item post-9436 post type-post status-publish format-standard has-post-thumbnail hentry category-real-estate tag-apartment tag-business-development tag-house-for-families tag-houzez tag-luxury tag-real-estate\" role=\"listitem\">\n\t\t\t<div class=\"elementor-post__card\">\n\t\t\t\t<a class=\"elementor-post__thumbnail__link\" href=\"https:\/\/liversium.com\/index.php\/2024\/01\/17\/nido-capital-revoluciona-alcobendas-con-proyecto-multifuncional-de-25-millones\/\" tabindex=\"-1\" ><div class=\"elementor-post__thumbnail\"><img fetchpriority=\"high\" decoding=\"async\" width=\"300\" height=\"232\" src=\"https:\/\/liversium.com\/wp-content\/uploads\/2024\/01\/Smart_places_Grupo_Nido.height-800.format-webp-300x232.webp\" class=\"attachment-medium size-medium wp-image-9439\" alt=\"\" srcset=\"https:\/\/liversium.com\/wp-content\/uploads\/2024\/01\/Smart_places_Grupo_Nido.height-800.format-webp-300x232.webp 300w, https:\/\/liversium.com\/wp-content\/uploads\/2024\/01\/Smart_places_Grupo_Nido.height-800.format-webp-1024x791.webp 1024w, https:\/\/liversium.com\/wp-content\/uploads\/2024\/01\/Smart_places_Grupo_Nido.height-800.format-webp-768x594.webp 768w, https:\/\/liversium.com\/wp-content\/uploads\/2024\/01\/Smart_places_Grupo_Nido.height-800.format-webp-776x600.webp 776w, https:\/\/liversium.com\/wp-content\/uploads\/2024\/01\/Smart_places_Grupo_Nido.height-800.format-webp-496x383.webp 496w, https:\/\/liversium.com\/wp-content\/uploads\/2024\/01\/Smart_places_Grupo_Nido.height-800.format-webp.webp 1035w\" sizes=\"(max-width: 300px) 100vw, 300px\" \/><\/div><\/a>\n\t\t\t\t<div class=\"elementor-post__text\">\n\t\t\t\t<h3 class=\"elementor-post__title\">\n\t\t\t<a href=\"https:\/\/liversium.com\/index.php\/2024\/01\/17\/nido-capital-revoluciona-alcobendas-con-proyecto-multifuncional-de-25-millones\/\" >\n\t\t\t\tNido Capital Revoluciona Alcobendas con Proyecto Multifuncional de 25 Millones\t\t\t<\/a>\n\t\t<\/h3>\n\t\t\t\t<div class=\"elementor-post__excerpt\">\n\t\t\t<p>El 16 de enero de 2024, Mar\u00eda Encabo inform\u00f3 sobre la significativa inversi\u00f3n de m\u00e1s de 25 millones de euros realizada por Nido Capital, parte del<\/p>\n\t\t<\/div>\n\t\t\t\t\t<div class=\"elementor-post__read-more-wrapper\">\n\t\t\n\t\t<a class=\"elementor-post__read-more\" href=\"https:\/\/liversium.com\/index.php\/2024\/01\/17\/nido-capital-revoluciona-alcobendas-con-proyecto-multifuncional-de-25-millones\/\" aria-label=\"M\u00e1s informaci\u00f3n sobre Nido Capital Revoluciona Alcobendas con Proyecto Multifuncional de 25 Millones\" tabindex=\"-1\" >\n\t\t\tLeer noticia completa \u00bb\t\t<\/a>\n\n\t\t\t\t\t<\/div>\n\t\t\t\t<\/div>\n\t\t\t\t<div class=\"elementor-post__meta-data\">\n\t\t\t\t\t<span class=\"elementor-post-date\">\n\t\t\tenero 17, 2024\t\t<\/span>\n\t\t\t\t<\/div>\n\t\t\t\t\t<\/div>\n\t\t<\/article>\n\t\t\t\t<article class=\"elementor-post elementor-grid-item post-616 post type-post status-publish format-standard has-post-thumbnail hentry category-real-estate tag-apartment tag-business-development tag-house-for-families tag-houzez tag-luxury tag-real-estate\" role=\"listitem\">\n\t\t\t<div class=\"elementor-post__card\">\n\t\t\t\t<a class=\"elementor-post__thumbnail__link\" href=\"https:\/\/liversium.com\/index.php\/2023\/12\/31\/the-ultimate-cheat-sheet-on-real-estate\/\" tabindex=\"-1\" ><div class=\"elementor-post__thumbnail\"><img decoding=\"async\" width=\"212\" height=\"300\" src=\"https:\/\/liversium.com\/wp-content\/uploads\/2016\/03\/REVISTAPORTADA-212x300.jpg\" class=\"attachment-medium size-medium wp-image-8093\" alt=\"\" srcset=\"https:\/\/liversium.com\/wp-content\/uploads\/2016\/03\/REVISTAPORTADA-212x300.jpg 212w, https:\/\/liversium.com\/wp-content\/uploads\/2016\/03\/REVISTAPORTADA-424x600.jpg 424w, https:\/\/liversium.com\/wp-content\/uploads\/2016\/03\/REVISTAPORTADA-496x701.jpg 496w, https:\/\/liversium.com\/wp-content\/uploads\/2016\/03\/REVISTAPORTADA.jpg 570w\" sizes=\"(max-width: 212px) 100vw, 212px\" \/><\/div><\/a>\n\t\t\t\t<div class=\"elementor-post__text\">\n\t\t\t\t<h3 class=\"elementor-post__title\">\n\t\t\t<a href=\"https:\/\/liversium.com\/index.php\/2023\/12\/31\/the-ultimate-cheat-sheet-on-real-estate\/\" >\n\t\t\t\tGRUPO NIDO CAPITAL: EN PORTADA DE LA PRESTIGIOSA REVISTA M2\t\t\t<\/a>\n\t\t<\/h3>\n\t\t\t\t<div class=\"elementor-post__excerpt\">\n\t\t\t<p>Nos complace anunciar que Grupo Nido Capital ha sido destacado en la portada de la edici\u00f3n n\u00famero 335 de la revista m2, una publicaci\u00f3n de renombre<\/p>\n\t\t<\/div>\n\t\t\t\t\t<div class=\"elementor-post__read-more-wrapper\">\n\t\t\n\t\t<a class=\"elementor-post__read-more\" href=\"https:\/\/liversium.com\/index.php\/2023\/12\/31\/the-ultimate-cheat-sheet-on-real-estate\/\" aria-label=\"M\u00e1s informaci\u00f3n sobre GRUPO NIDO CAPITAL: EN PORTADA DE LA PRESTIGIOSA REVISTA M2\" tabindex=\"-1\" >\n\t\t\tLeer noticia completa \u00bb\t\t<\/a>\n\n\t\t\t\t\t<\/div>\n\t\t\t\t<\/div>\n\t\t\t\t<div class=\"elementor-post__meta-data\">\n\t\t\t\t\t<span class=\"elementor-post-date\">\n\t\t\tdiciembre 31, 2023\t\t<\/span>\n\t\t\t\t<\/div>\n\t\t\t\t\t<\/div>\n\t\t<\/article>\n\t\t\t\t<article class=\"elementor-post elementor-grid-item post-8097 post type-post status-publish format-standard has-post-thumbnail hentry category-real-estate tag-apartment tag-business-development tag-house-for-families tag-houzez tag-luxury tag-real-estate\" role=\"listitem\">\n\t\t\t<div class=\"elementor-post__card\">\n\t\t\t\t<a class=\"elementor-post__thumbnail__link\" href=\"https:\/\/liversium.com\/index.php\/2023\/06\/21\/grupo-nido-capital-planea-establecer-una-nueva-fabrica-de-construccion-de-modulos-de-viviendas-en-aranda-de-duero\/\" tabindex=\"-1\" ><div class=\"elementor-post__thumbnail\"><img decoding=\"async\" width=\"300\" height=\"200\" src=\"https:\/\/liversium.com\/wp-content\/uploads\/2023\/06\/gruponido-300x200.jpg\" class=\"attachment-medium size-medium wp-image-8098\" alt=\"\" srcset=\"https:\/\/liversium.com\/wp-content\/uploads\/2023\/06\/gruponido-300x200.jpg 300w, https:\/\/liversium.com\/wp-content\/uploads\/2023\/06\/gruponido-768x513.jpg 768w, https:\/\/liversium.com\/wp-content\/uploads\/2023\/06\/gruponido-898x600.jpg 898w, https:\/\/liversium.com\/wp-content\/uploads\/2023\/06\/gruponido-496x331.jpg 496w, https:\/\/liversium.com\/wp-content\/uploads\/2023\/06\/gruponido.jpg 1000w\" sizes=\"(max-width: 300px) 100vw, 300px\" \/><\/div><\/a>\n\t\t\t\t<div class=\"elementor-post__text\">\n\t\t\t\t<h3 class=\"elementor-post__title\">\n\t\t\t<a href=\"https:\/\/liversium.com\/index.php\/2023\/06\/21\/grupo-nido-capital-planea-establecer-una-nueva-fabrica-de-construccion-de-modulos-de-viviendas-en-aranda-de-duero\/\" >\n\t\t\t\tGRUPO NIDO CAPITAL PLANEA ESTABLECER UNA NUEVA F\u00c1BRICA DE CONSTRUCCI\u00d3N DE M\u00d3DULOS DE VIVIENDAS EN ARANDA DE DUERO\t\t\t<\/a>\n\t\t<\/h3>\n\t\t\t\t<div class=\"elementor-post__excerpt\">\n\t\t\t<p>Estamos encantados de anunciar que Grupo Nido Capital tiene planes de abrir una de las tres nuevas f\u00e1bricas de construcci\u00f3n de m\u00f3dulos de viviendas en Aranda<\/p>\n\t\t<\/div>\n\t\t\t\t\t<div class=\"elementor-post__read-more-wrapper\">\n\t\t\n\t\t<a class=\"elementor-post__read-more\" href=\"https:\/\/liversium.com\/index.php\/2023\/06\/21\/grupo-nido-capital-planea-establecer-una-nueva-fabrica-de-construccion-de-modulos-de-viviendas-en-aranda-de-duero\/\" aria-label=\"M\u00e1s informaci\u00f3n sobre GRUPO NIDO CAPITAL PLANEA ESTABLECER UNA NUEVA F\u00c1BRICA DE CONSTRUCCI\u00d3N DE M\u00d3DULOS DE VIVIENDAS EN ARANDA DE DUERO\" tabindex=\"-1\" >\n\t\t\tLeer noticia completa \u00bb\t\t<\/a>\n\n\t\t\t\t\t<\/div>\n\t\t\t\t<\/div>\n\t\t\t\t<div class=\"elementor-post__meta-data\">\n\t\t\t\t\t<span class=\"elementor-post-date\">\n\t\t\tjunio 21, 2023\t\t<\/span>\n\t\t\t\t<\/div>\n\t\t\t\t\t<\/div>\n\t\t<\/article>\n\t\t\t\t<article class=\"elementor-post elementor-grid-item post-8100 post type-post status-publish format-standard has-post-thumbnail hentry category-real-estate tag-apartment tag-business-development tag-house-for-families tag-houzez tag-luxury tag-real-estate\" role=\"listitem\">\n\t\t\t<div class=\"elementor-post__card\">\n\t\t\t\t<a class=\"elementor-post__thumbnail__link\" href=\"https:\/\/liversium.com\/index.php\/2023\/05\/16\/retrasos-en-la-apertura-de-una-nueva-fabrica-del-grupo-nido-capital-en-aranda-de-duero\/\" tabindex=\"-1\" ><div class=\"elementor-post__thumbnail\"><img loading=\"lazy\" decoding=\"async\" width=\"300\" height=\"200\" src=\"https:\/\/liversium.com\/wp-content\/uploads\/2023\/06\/nidointernationa-4-300x200.jpg\" class=\"attachment-medium size-medium wp-image-8102\" alt=\"\" srcset=\"https:\/\/liversium.com\/wp-content\/uploads\/2023\/06\/nidointernationa-4-300x200.jpg 300w, https:\/\/liversium.com\/wp-content\/uploads\/2023\/06\/nidointernationa-4-768x512.jpg 768w, https:\/\/liversium.com\/wp-content\/uploads\/2023\/06\/nidointernationa-4-900x600.jpg 900w, https:\/\/liversium.com\/wp-content\/uploads\/2023\/06\/nidointernationa-4-496x331.jpg 496w, https:\/\/liversium.com\/wp-content\/uploads\/2023\/06\/nidointernationa-4.jpg 1000w\" sizes=\"(max-width: 300px) 100vw, 300px\" \/><\/div><\/a>\n\t\t\t\t<div class=\"elementor-post__text\">\n\t\t\t\t<h3 class=\"elementor-post__title\">\n\t\t\t<a href=\"https:\/\/liversium.com\/index.php\/2023\/05\/16\/retrasos-en-la-apertura-de-una-nueva-fabrica-del-grupo-nido-capital-en-aranda-de-duero\/\" >\n\t\t\t\tRETRASOS EN LA APERTURA DE UNA NUEVA F\u00c1BRICA DEL GRUPO NIDO CAPITAL EN ARANDA DE DUERO\t\t\t<\/a>\n\t\t<\/h3>\n\t\t\t\t<div class=\"elementor-post__excerpt\">\n\t\t\t<p>Nuestro ambicioso plan para abrir una nueva f\u00e1brica de construcci\u00f3n modular en Aranda de Duero, anunciado recientemente por nuestro director general, Miguel Riesgo, enfrenta desaf\u00edos debido<\/p>\n\t\t<\/div>\n\t\t\t\t\t<div class=\"elementor-post__read-more-wrapper\">\n\t\t\n\t\t<a class=\"elementor-post__read-more\" href=\"https:\/\/liversium.com\/index.php\/2023\/05\/16\/retrasos-en-la-apertura-de-una-nueva-fabrica-del-grupo-nido-capital-en-aranda-de-duero\/\" aria-label=\"M\u00e1s informaci\u00f3n sobre RETRASOS EN LA APERTURA DE UNA NUEVA F\u00c1BRICA DEL GRUPO NIDO CAPITAL EN ARANDA DE DUERO\" tabindex=\"-1\" >\n\t\t\tLeer noticia completa \u00bb\t\t<\/a>\n\n\t\t\t\t\t<\/div>\n\t\t\t\t<\/div>\n\t\t\t\t<div class=\"elementor-post__meta-data\">\n\t\t\t\t\t<span class=\"elementor-post-date\">\n\t\t\tmayo 16, 2023\t\t<\/span>\n\t\t\t\t<\/div>\n\t\t\t\t\t<\/div>\n\t\t<\/article>\n\t\t\t\t<\/div>\n\t\t\n\t\t\t\t\t\t<\/div>\n\t\t\t\t<\/div>\n\t\t\t\t\t<\/div>\n\t\t<\/div>\n\t\t\t\t\t<\/div>\n\t\t<\/section>\n\t\t\t\t<\/div>\n\t\t","protected":false},"excerpt":{"rendered":"<p>Calidad Dise\u00f1o Espacio Bienvenido a Liversum, tu nuevo hogar te est\u00e1 esperando Cuidado Liversium Care: Compromiso con el medio ambiente y la responsabilidad social corporativa.En Liversium, entendemos que el futuro de nuestro planeta depende del compromiso que adoptemos hoy con respecto a las pr\u00e1cticas de construcci\u00f3n sostenibles. Es por ello que hemos desarrollado nuestro programa [&hellip;]<\/p>\n","protected":false},"author":2,"featured_media":0,"parent":0,"menu_order":0,"comment_status":"closed","ping_status":"closed","template":"elementor_header_footer","meta":{"footnotes":""},"class_list":["post-8256","page","type-page","status-publish","hentry"],"_links":{"self":[{"href":"https:\/\/liversium.com\/index.php\/wp-json\/wp\/v2\/pages\/8256","targetHints":{"allow":["GET"]}}],"collection":[{"href":"https:\/\/liversium.com\/index.php\/wp-json\/wp\/v2\/pages"}],"about":[{"href":"https:\/\/liversium.com\/index.php\/wp-json\/wp\/v2\/types\/page"}],"author":[{"embeddable":true,"href":"https:\/\/liversium.com\/index.php\/wp-json\/wp\/v2\/users\/2"}],"replies":[{"embeddable":true,"href":"https:\/\/liversium.com\/index.php\/wp-json\/wp\/v2\/comments?post=8256"}],"version-history":[{"count":19,"href":"https:\/\/liversium.com\/index.php\/wp-json\/wp\/v2\/pages\/8256\/revisions"}],"predecessor-version":[{"id":9327,"href":"https:\/\/liversium.com\/index.php\/wp-json\/wp\/v2\/pages\/8256\/revisions\/9327"}],"wp:attachment":[{"href":"https:\/\/liversium.com\/index.php\/wp-json\/wp\/v2\/media?parent=8256"}],"curies":[{"name":"wp","href":"https:\/\/api.w.org\/{rel}","templated":true}]}}